{"id":63,"date":"2025-07-03T07:18:46","date_gmt":"2025-07-03T07:18:46","guid":{"rendered":"https:\/\/echoesoffloyd.com\/?page_id=63"},"modified":"2025-07-04T15:35:51","modified_gmt":"2025-07-04T15:35:51","slug":"contacts","status":"publish","type":"page","link":"https:\/\/echoesoffloyd.com\/index.php\/contacts\/","title":{"rendered":"Contacts"},"content":{"rendered":"\n<h2 class=\"wp-block-heading\"><strong>Pour nous joindre &#8230;<\/strong><\/h2>\n\n\n\n<p>Les membres de \u00ab\u00a0<strong>Echoes Of Floyd<\/strong>\u00a0\u00bb sont situ\u00e9s en Indre-et-Loire.<\/p>\n\n\n\n<p>Pour tous renseignements sur nos prestations, vous pouvez nous joindre par e-mail ou par t\u00e9l\u00e9phone.<\/p>\n\n\n\n<h4 class=\"wp-block-heading\">T\u00e9l\u00e9phone<\/h4>\n\n\n\n<ul class=\"wp-block-list\">\n<li>\u00c9ric : 06 31 49 88 96<\/li>\n\n\n\n<li>Jean-Luc : 06 37 67 52 00<\/li>\n<\/ul>\n\n\n\n<h4 class=\"wp-block-heading\">E-mail<\/h4>\n\n\n\n<p><a href=\"mailto:contact@echoesoffloyd.com\">contact@echoesoffloyd.com<\/a><\/p>\n\n\n<div class=\"wp-block-image\">\n<figure class=\"aligncenter size-full is-resized\"><img loading=\"lazy\" decoding=\"async\" width=\"720\" height=\"706\" src=\"https:\/\/echoesoffloyd.com\/wp-content\/uploads\/2025\/07\/image04.jpg\" alt=\"\" class=\"wp-image-81\" style=\"width:256px;height:auto\" srcset=\"https:\/\/echoesoffloyd.com\/wp-content\/uploads\/2025\/07\/image04.jpg 720w, https:\/\/echoesoffloyd.com\/wp-content\/uploads\/2025\/07\/image04-300x294.jpg 300w\" sizes=\"auto, (max-width: 720px) 100vw, 720px\" \/><\/figure>\n<\/div>\n\n\n<p><\/p>\n","protected":false},"excerpt":{"rendered":"<p>Pour nous joindre &#8230; Les membres de \u00ab\u00a0Echoes Of Floyd\u00a0\u00bb sont situ\u00e9s en Indre-et-Loire. Pour tous renseignements sur nos prestations, vous pouvez nous joindre par e-mail ou par t\u00e9l\u00e9phone. T\u00e9l\u00e9phone E-mail contact@echoesoffloyd.com<\/p>\n","protected":false},"author":1,"featured_media":0,"parent":0,"menu_order":0,"comment_status":"closed","ping_status":"closed","template":"","meta":{"footnotes":""},"class_list":["post-63","page","type-page","status-publish","hentry"],"_links":{"self":[{"href":"https:\/\/echoesoffloyd.com\/index.php\/wp-json\/wp\/v2\/pages\/63","targetHints":{"allow":["GET"]}}],"collection":[{"href":"https:\/\/echoesoffloyd.com\/index.php\/wp-json\/wp\/v2\/pages"}],"about":[{"href":"https:\/\/echoesoffloyd.com\/index.php\/wp-json\/wp\/v2\/types\/page"}],"author":[{"embeddable":true,"href":"https:\/\/echoesoffloyd.com\/index.php\/wp-json\/wp\/v2\/users\/1"}],"replies":[{"embeddable":true,"href":"https:\/\/echoesoffloyd.com\/index.php\/wp-json\/wp\/v2\/comments?post=63"}],"version-history":[{"count":7,"href":"https:\/\/echoesoffloyd.com\/index.php\/wp-json\/wp\/v2\/pages\/63\/revisions"}],"predecessor-version":[{"id":370,"href":"https:\/\/echoesoffloyd.com\/index.php\/wp-json\/wp\/v2\/pages\/63\/revisions\/370"}],"wp:attachment":[{"href":"https:\/\/echoesoffloyd.com\/index.php\/wp-json\/wp\/v2\/media?parent=63"}],"curies":[{"name":"wp","href":"https:\/\/api.w.org\/{rel}","templated":true}]}}